{"id":4531,"date":"2021-12-01T14:23:50","date_gmt":"2021-12-01T13:23:50","guid":{"rendered":"https:\/\/www.academy.lcmdigital.com\/?page_id=4531"},"modified":"2022-08-26T14:30:32","modified_gmt":"2022-08-26T12:30:32","slug":"videos-lcm-digital-2-0-produktupdate-neue-funktionen","status":"publish","type":"page","link":"https:\/\/www.academy.lcmdigital.com\/en\/videos-lcm-digital-2-0-produktupdate-neue-funktionen\/","title":{"rendered":"Webinar On-Demand: Taktplanung und Konfliktl\u00f6sung &#8211; Video"},"content":{"rendered":"<div data-elementor-type=\"wp-page\" data-elementor-id=\"4531\" class=\"elementor elementor-4531\">\n\t\t\t\t\t\t\t\t\t<section class=\"elementor-section elementor-top-section elementor-element elementor-element-fa279db elementor-section-height-min-height elementor-section-content-middle elementor-section-items-stretch elementor-section-boxed elementor-section-height-default\" data-id=\"fa279db\" data-element_type=\"section\" data-settings=\"{&quot;background_background&quot;:&quot;classic&quot;}\">\n\t\t\t\t\t\t\t<div class=\"elementor-background-overlay\"><\/div>\n\t\t\t\t\t\t\t<div class=\"elementor-container elementor-column-gap-default\">\n\t\t\t\t\t<div class=\"elementor-column elementor-col-100 elementor-top-column elementor-element elementor-element-596b6df\" data-id=\"596b6df\" data-element_type=\"column\" data-settings=\"{&quot;background_background&quot;:&quot;classic&quot;}\">\n\t\t\t<div class=\"elementor-widget-wrap elementor-element-populated\">\n\t\t\t\t\t\t\t\t<div class=\"elementor-element elementor-element-cee9bcd elementor-headline--style-rotate elementor-invisible elementor-widget elementor-widget-animated-headline\" data-id=\"cee9bcd\" data-element_type=\"widget\" data-settings=\"{&quot;rotating_text&quot;:&quot; On-Demand&quot;,&quot;_animation_tablet&quot;:&quot;none&quot;,&quot;headline_style&quot;:&quot;rotate&quot;,&quot;_animation&quot;:&quot;fadeInDown&quot;,&quot;_animation_delay&quot;:200,&quot;animation_type&quot;:&quot;typing&quot;,&quot;rotate_iteration_delay&quot;:2500}\" data-widget_type=\"animated-headline.default\">\n\t\t\t\t<div class=\"elementor-widget-container\">\n\t\t\t\t\t<h3 class=\"elementor-headline elementor-headline-animation-type-typing elementor-headline-letters\">\n\t\t\t\t\t<span class=\"elementor-headline-plain-text elementor-headline-text-wrapper\">Webinar<\/span>\n\t\t\t\t<span class=\"elementor-headline-dynamic-wrapper elementor-headline-text-wrapper\">\n\t\t\t\t\t<span class=\"elementor-headline-dynamic-text elementor-headline-text-active\">\n\t\t\t\t&nbsp;On-Demand\t\t\t<\/span>\n\t\t\t\t\t\t<\/span>\n\t\t\t\t<\/h3>\n\t\t\t\t<\/div>\n\t\t\t\t<\/div>\n\t\t\t\t<div class=\"elementor-element elementor-element-61a1cde elementor-invisible elementor-widget elementor-widget-text-editor\" data-id=\"61a1cde\" data-element_type=\"widget\" data-settings=\"{&quot;_animation&quot;:&quot;fadeInDown&quot;,&quot;_animation_delay&quot;:200,&quot;_animation_tablet&quot;:&quot;none&quot;}\" data-widget_type=\"text-editor.default\">\n\t\t\t\t<div class=\"elementor-widget-container\">\n\t\t\t\t\t\t\t<p>Product Demo: Takt Planning and Conflict Resolution<\/p>\t\t\t\t\t\t<\/div>\n\t\t\t\t<\/div>\n\t\t\t\t<div class=\"elementor-element elementor-element-75f81b5 elementor-widget elementor-widget-heading\" data-id=\"75f81b5\" data-element_type=\"widget\" data-widget_type=\"heading.default\">\n\t\t\t\t<div class=\"elementor-widget-container\">\n\t\t\t<h2 class=\"elementor-heading-title elementor-size-default\">Our release includes two completely new features as well as further optimizations. Takt planning guarantees processes that are optimally synchronized with each other. Conflict resolution allows you to resolve conflicts between dependent processes manually or automatically.\n<\/h2>\t\t<\/div>\n\t\t\t\t<\/div>\n\t\t\t\t<div class=\"elementor-element elementor-element-3fb9f9a elementor-widget elementor-widget-video\" data-id=\"3fb9f9a\" data-element_type=\"widget\" data-settings=\"{&quot;youtube_url&quot;:&quot;https:\\\/\\\/youtu.be\\\/HAoKrRPWAkw&quot;,&quot;start&quot;:0,&quot;yt_privacy&quot;:&quot;yes&quot;,&quot;video_type&quot;:&quot;youtube&quot;,&quot;controls&quot;:&quot;yes&quot;}\" data-widget_type=\"video.default\">\n\t\t\t\t<div class=\"elementor-widget-container\">\n\t\t\t\t\t<div class=\"elementor-wrapper elementor-open-inline\">\n\t\t\t<div class=\"elementor-video\"><\/div>\t\t<\/div>\n\t\t\t\t<\/div>\n\t\t\t\t<\/div>\n\t\t\t\t<div class=\"elementor-element elementor-element-fd8a190 elementor-widget elementor-widget-spacer\" data-id=\"fd8a190\" data-element_type=\"widget\" data-widget_type=\"spacer.default\">\n\t\t\t\t<div class=\"elementor-widget-container\">\n\t\t\t\t\t<div class=\"elementor-spacer\">\n\t\t\t<div class=\"elementor-spacer-inner\"><\/div>\n\t\t<\/div>\n\t\t\t\t<\/div>\n\t\t\t\t<\/div>\n\t\t\t\t\t<\/div>\n\t\t<\/div>\n\t\t\t\t\t\t\t<\/div>\n\t\t<\/section>\n\t\t\t\t<section class=\"elementor-section elementor-top-section elementor-element elementor-element-d0037fe elementor-section-content-top elementor-reverse-mobile elementor-section-boxed elementor-section-height-default elementor-section-height-default\" data-id=\"d0037fe\" data-element_type=\"section\" data-settings=\"{&quot;background_background&quot;:&quot;classic&quot;}\">\n\t\t\t\t\t\t<div class=\"elementor-container elementor-column-gap-default\">\n\t\t\t\t\t<div class=\"elementor-column elementor-col-33 elementor-top-column elementor-element elementor-element-d0c9ac4\" data-id=\"d0c9ac4\" data-element_type=\"column\">\n\t\t\t<div class=\"elementor-widget-wrap elementor-element-populated\">\n\t\t\t\t\t\t\t\t<div class=\"elementor-element elementor-element-c0a1078 elementor-mobile-align-center elementor-align-center elementor-icon-list--layout-traditional elementor-list-item-link-full_width elementor-widget elementor-widget-icon-list\" data-id=\"c0a1078\" data-element_type=\"widget\" data-widget_type=\"icon-list.default\">\n\t\t\t\t<div class=\"elementor-widget-container\">\n\t\t\t\t\t<ul class=\"elementor-icon-list-items\">\n\t\t\t\t\t\t\t<li class=\"elementor-icon-list-item\">\n\t\t\t\t\t\t\t\t\t\t\t<span class=\"elementor-icon-list-icon\">\n\t\t\t\t\t\t\t<i aria-hidden=\"true\" class=\"fas fa-map-marker-alt\"><\/i>\t\t\t\t\t\t<\/span>\n\t\t\t\t\t\t\t\t\t\t<span class=\"elementor-icon-list-text\">LCM Digital GmbH <br>Obere Waldpl\u00e4tze 22 <br>70569 Stuttgart<\/span>\n\t\t\t\t\t\t\t\t\t<\/li>\n\t\t\t\t\t\t\t\t<li class=\"elementor-icon-list-item\">\n\t\t\t\t\t\t\t\t\t\t\t<span class=\"elementor-icon-list-icon\">\n\t\t\t\t\t\t\t<i aria-hidden=\"true\" class=\"fas fa-phone\"><\/i>\t\t\t\t\t\t<\/span>\n\t\t\t\t\t\t\t\t\t\t<span class=\"elementor-icon-list-text\">+49 (0)711 - 1317 2288<\/span>\n\t\t\t\t\t\t\t\t\t<\/li>\n\t\t\t\t\t\t\t\t<li class=\"elementor-icon-list-item\">\n\t\t\t\t\t\t\t\t\t\t\t<span class=\"elementor-icon-list-icon\">\n\t\t\t\t\t\t\t<i aria-hidden=\"true\" class=\"far fa-envelope-open\"><\/i>\t\t\t\t\t\t<\/span>\n\t\t\t\t\t\t\t\t\t\t<span class=\"elementor-icon-list-text\">info@lcmdigital.com<\/span>\n\t\t\t\t\t\t\t\t\t<\/li>\n\t\t\t\t\t\t<\/ul>\n\t\t\t\t<\/div>\n\t\t\t\t<\/div>\n\t\t\t\t\t<\/div>\n\t\t<\/div>\n\t\t\t\t<div class=\"elementor-column elementor-col-33 elementor-top-column elementor-element elementor-element-bed8b95\" data-id=\"bed8b95\" data-element_type=\"column\">\n\t\t\t<div class=\"elementor-widget-wrap elementor-element-populated\">\n\t\t\t\t\t\t\t\t<div class=\"elementor-element elementor-element-a23d6bb elementor-mobile-align-center elementor-align-center elementor-icon-list--layout-traditional elementor-list-item-link-full_width elementor-widget elementor-widget-icon-list\" data-id=\"a23d6bb\" data-element_type=\"widget\" data-widget_type=\"icon-list.default\">\n\t\t\t\t<div class=\"elementor-widget-container\">\n\t\t\t\t\t<ul class=\"elementor-icon-list-items\">\n\t\t\t\t\t\t\t<li class=\"elementor-icon-list-item\">\n\t\t\t\t\t\t\t\t\t\t\t<a href=\"https:\/\/www.lcmdigital.com\/\" target=\"_blank\">\n\n\t\t\t\t\t\t\t\t\t\t\t\t<span class=\"elementor-icon-list-icon\">\n\t\t\t\t\t\t\t<i aria-hidden=\"true\" class=\"fas fa-home\"><\/i>\t\t\t\t\t\t<\/span>\n\t\t\t\t\t\t\t\t\t\t<span class=\"elementor-icon-list-text\">Home<\/span>\n\t\t\t\t\t\t\t\t\t\t\t<\/a>\n\t\t\t\t\t\t\t\t\t<\/li>\n\t\t\t\t\t\t\t\t<li class=\"elementor-icon-list-item\">\n\t\t\t\t\t\t\t\t\t\t\t<a href=\"https:\/\/lcmdigital.zendesk.com\/hc\/de\" target=\"_blank\">\n\n\t\t\t\t\t\t\t\t\t\t\t\t<span class=\"elementor-icon-list-icon\">\n\t\t\t\t\t\t\t<i aria-hidden=\"true\" class=\"far fa-question-circle\"><\/i>\t\t\t\t\t\t<\/span>\n\t\t\t\t\t\t\t\t\t\t<span class=\"elementor-icon-list-text\">Support<\/span>\n\t\t\t\t\t\t\t\t\t\t\t<\/a>\n\t\t\t\t\t\t\t\t\t<\/li>\n\t\t\t\t\t\t\t\t<li class=\"elementor-icon-list-item\">\n\t\t\t\t\t\t\t\t\t\t\t<a href=\"https:\/\/lcmdigital.com\/loesung-uebersicht\/\" target=\"_blank\">\n\n\t\t\t\t\t\t\t\t\t\t\t\t<span class=\"elementor-icon-list-icon\">\n\t\t\t\t\t\t\t<i aria-hidden=\"true\" class=\"fab fa-product-hunt\"><\/i>\t\t\t\t\t\t<\/span>\n\t\t\t\t\t\t\t\t\t\t<span class=\"elementor-icon-list-text\">Produkt<\/span>\n\t\t\t\t\t\t\t\t\t\t\t<\/a>\n\t\t\t\t\t\t\t\t\t<\/li>\n\t\t\t\t\t\t\t\t<li class=\"elementor-icon-list-item\">\n\t\t\t\t\t\t\t\t\t\t\t<a href=\"https:\/\/lcmdigital.com\/privacy-policy\/\" target=\"_blank\">\n\n\t\t\t\t\t\t\t\t\t\t\t\t<span class=\"elementor-icon-list-icon\">\n\t\t\t\t\t\t\t<i aria-hidden=\"true\" class=\"fas fa-user-lock\"><\/i>\t\t\t\t\t\t<\/span>\n\t\t\t\t\t\t\t\t\t\t<span class=\"elementor-icon-list-text\">Datenschutz<\/span>\n\t\t\t\t\t\t\t\t\t\t\t<\/a>\n\t\t\t\t\t\t\t\t\t<\/li>\n\t\t\t\t\t\t\t\t<li class=\"elementor-icon-list-item\">\n\t\t\t\t\t\t\t\t\t\t\t<a href=\"https:\/\/lcmdigital.com\/impressum\/\" target=\"_blank\">\n\n\t\t\t\t\t\t\t\t\t\t\t\t<span class=\"elementor-icon-list-icon\">\n\t\t\t\t\t\t\t<i aria-hidden=\"true\" class=\"far fa-building\"><\/i>\t\t\t\t\t\t<\/span>\n\t\t\t\t\t\t\t\t\t\t<span class=\"elementor-icon-list-text\">Impressum<\/span>\n\t\t\t\t\t\t\t\t\t\t\t<\/a>\n\t\t\t\t\t\t\t\t\t<\/li>\n\t\t\t\t\t\t<\/ul>\n\t\t\t\t<\/div>\n\t\t\t\t<\/div>\n\t\t\t\t\t<\/div>\n\t\t<\/div>\n\t\t\t\t<div class=\"elementor-column elementor-col-33 elementor-top-column elementor-element elementor-element-7ad32ec\" data-id=\"7ad32ec\" data-element_type=\"column\">\n\t\t\t<div class=\"elementor-widget-wrap elementor-element-populated\">\n\t\t\t\t\t\t\t\t<div class=\"elementor-element elementor-element-10d2939 elementor-mobile-align-center elementor-align-left elementor-icon-list--layout-traditional elementor-list-item-link-full_width elementor-widget elementor-widget-icon-list\" data-id=\"10d2939\" data-element_type=\"widget\" data-widget_type=\"icon-list.default\">\n\t\t\t\t<div class=\"elementor-widget-container\">\n\t\t\t\t\t<ul class=\"elementor-icon-list-items\">\n\t\t\t\t\t\t\t<li class=\"elementor-icon-list-item\">\n\t\t\t\t\t\t\t\t\t\t\t<a href=\"https:\/\/www.youtube.com\/channel\/UC6q460-fMXeJnFIpeUehrdQ\" target=\"_blank\">\n\n\t\t\t\t\t\t\t\t\t\t\t\t<span class=\"elementor-icon-list-icon\">\n\t\t\t\t\t\t\t<i aria-hidden=\"true\" class=\"fab fa-youtube\"><\/i>\t\t\t\t\t\t<\/span>\n\t\t\t\t\t\t\t\t\t\t<span class=\"elementor-icon-list-text\">YouTube<\/span>\n\t\t\t\t\t\t\t\t\t\t\t<\/a>\n\t\t\t\t\t\t\t\t\t<\/li>\n\t\t\t\t\t\t\t\t<li class=\"elementor-icon-list-item\">\n\t\t\t\t\t\t\t\t\t\t\t<a href=\"https:\/\/www.linkedin.com\/company\/13053203\" target=\"_blank\">\n\n\t\t\t\t\t\t\t\t\t\t\t\t<span class=\"elementor-icon-list-icon\">\n\t\t\t\t\t\t\t<i aria-hidden=\"true\" class=\"fab fa-linkedin-in\"><\/i>\t\t\t\t\t\t<\/span>\n\t\t\t\t\t\t\t\t\t\t<span class=\"elementor-icon-list-text\">LinkedIn<\/span>\n\t\t\t\t\t\t\t\t\t\t\t<\/a>\n\t\t\t\t\t\t\t\t\t<\/li>\n\t\t\t\t\t\t<\/ul>\n\t\t\t\t<\/div>\n\t\t\t\t<\/div>\n\t\t\t\t\t<\/div>\n\t\t<\/div>\n\t\t\t\t\t\t\t<\/div>\n\t\t<\/section>\n\t\t\t\t<section class=\"elementor-section elementor-top-section elementor-element elementor-element-774f506 envato-kit-141-top-0 elementor-reverse-mobile elementor-section-content-top elementor-section-boxed elementor-section-height-default elementor-section-height-default\" data-id=\"774f506\" data-element_type=\"section\" data-settings=\"{&quot;background_background&quot;:&quot;classic&quot;}\">\n\t\t\t\t\t\t\t<div class=\"elementor-background-overlay\"><\/div>\n\t\t\t\t\t\t\t<div class=\"elementor-container elementor-column-gap-wider\">\n\t\t\t\t\t<div class=\"elementor-column elementor-col-100 elementor-top-column elementor-element elementor-element-9d989d2 elementor-invisible\" data-id=\"9d989d2\" data-element_type=\"column\" data-settings=\"{&quot;animation&quot;:&quot;fadeIn&quot;,&quot;animation_delay&quot;:100}\">\n\t\t\t<div class=\"elementor-widget-wrap elementor-element-populated\">\n\t\t\t\t\t\t\t\t<div class=\"elementor-element elementor-element-0b2c93c elementor-widget elementor-widget-image\" data-id=\"0b2c93c\" data-element_type=\"widget\" data-widget_type=\"image.default\">\n\t\t\t\t<div class=\"elementor-widget-container\">\n\t\t\t\t\t\t\t\t\t\t\t\t\t\t\t\t<a href=\"https:\/\/www.lcmdigital.com\/\" target=\"_blank\">\n\t\t\t\t\t\t\t<img loading=\"lazy\" decoding=\"async\" width=\"1024\" height=\"326\" src=\"https:\/\/www.academy.lcmdigital.com\/wp-content\/uploads\/2021\/04\/LCM_Digital_RGB_negativ-1024x326.png\" class=\"attachment-large size-large wp-image-186\" alt=\"\" srcset=\"https:\/\/www.academy.lcmdigital.com\/wp-content\/uploads\/2021\/04\/LCM_Digital_RGB_negativ-1024x326.png 1024w, https:\/\/www.academy.lcmdigital.com\/wp-content\/uploads\/2021\/04\/LCM_Digital_RGB_negativ-300x95.png 300w, https:\/\/www.academy.lcmdigital.com\/wp-content\/uploads\/2021\/04\/LCM_Digital_RGB_negativ-768x244.png 768w, https:\/\/www.academy.lcmdigital.com\/wp-content\/uploads\/2021\/04\/LCM_Digital_RGB_negativ-1536x489.png 1536w, https:\/\/www.academy.lcmdigital.com\/wp-content\/uploads\/2021\/04\/LCM_Digital_RGB_negativ-2048x651.png 2048w\" sizes=\"auto, (max-width: 1024px) 100vw, 1024px\" \/>\t\t\t\t\t\t\t\t<\/a>\n\t\t\t\t\t\t\t\t\t\t\t\t\t\t\t<\/div>\n\t\t\t\t<\/div>\n\t\t\t\t<div class=\"elementor-element elementor-element-665cefe elementor-widget elementor-widget-text-editor\" data-id=\"665cefe\" data-element_type=\"widget\" data-widget_type=\"text-editor.default\">\n\t\t\t\t<div class=\"elementor-widget-container\">\n\t\t\t\t\t\t\t<p>Die Schaltzentrale f\u00fcr Ihr Bauprojekt.<\/p>\t\t\t\t\t\t<\/div>\n\t\t\t\t<\/div>\n\t\t\t\t\t<\/div>\n\t\t<\/div>\n\t\t\t\t\t\t\t<\/div>\n\t\t<\/section>\n\t\t\t\t\t\t\t<\/div>","protected":false},"excerpt":{"rendered":"<p>Webinar &nbsp;On-Demand Produktdemo: Taktplanung und die Konfliktl\u00f6sung Unser Release umfasst zwei komplett neue Features sowie weitere Optimierungen. Die Taktplanung garantiert optimal aufeinander abgestimmte Prozesse. Bei der Konfliktaufl\u00f6sung k\u00f6nnen Konflikte zwischen anh\u00e4ngigen Prozessen ganz einfach manuell oder automatisch aufgel\u00f6st werden. LCM Digital GmbH Obere Waldpl\u00e4tze 22 70569 Stuttgart +49 (0)711 &#8211; 1317 2288 info@lcmdigital.com Home Support [&hellip;]<\/p>","protected":false},"author":1,"featured_media":0,"parent":0,"menu_order":0,"comment_status":"closed","ping_status":"closed","template":"","meta":{"footnotes":""},"class_list":["post-4531","page","type-page","status-publish","hentry","entry"],"yoast_head":"<!-- This site is optimized with the Yoast SEO plugin v21.0 - https:\/\/yoast.com\/wordpress\/plugins\/seo\/ -->\n<title>Webinar On-Demand: Taktplanung und Konfliktl\u00f6sung - Video - LCM Digital | Academy<\/title>\n<meta name=\"robots\" content=\"index, follow, max-snippet:-1, max-image-preview:large, max-video-preview:-1\" \/>\n<link rel=\"canonical\" href=\"https:\/\/www.academy.lcmdigital.com\/en\/videos-lcm-digital-2-0-produktupdate-neue-funktionen\/\" \/>\n<meta property=\"og:locale\" content=\"en_US\" \/>\n<meta property=\"og:type\" content=\"article\" \/>\n<meta property=\"og:title\" content=\"Webinar On-Demand: Taktplanung und Konfliktl\u00f6sung - Video - LCM Digital | Academy\" \/>\n<meta property=\"og:description\" content=\"Webinar &nbsp;On-Demand Produktdemo: Taktplanung und die Konfliktl\u00f6sung Unser Release umfasst zwei komplett neue Features sowie weitere Optimierungen. Die Taktplanung garantiert optimal aufeinander abgestimmte Prozesse. Bei der Konfliktaufl\u00f6sung k\u00f6nnen Konflikte zwischen anh\u00e4ngigen Prozessen ganz einfach manuell oder automatisch aufgel\u00f6st werden. LCM Digital GmbH Obere Waldpl\u00e4tze 22 70569 Stuttgart +49 (0)711 &#8211; 1317 2288 info@lcmdigital.com Home Support [&hellip;]\" \/>\n<meta property=\"og:url\" content=\"https:\/\/www.academy.lcmdigital.com\/en\/videos-lcm-digital-2-0-produktupdate-neue-funktionen\/\" \/>\n<meta property=\"og:site_name\" content=\"LCM Digital | Academy\" \/>\n<meta property=\"article:modified_time\" content=\"2022-08-26T12:30:32+00:00\" \/>\n<meta property=\"og:image\" content=\"https:\/\/www.academy.lcmdigital.com\/wp-content\/uploads\/2021\/04\/LCM_Digital_RGB_negativ-1024x326.png\" \/>\n<meta name=\"twitter:card\" content=\"summary_large_image\" \/>\n<meta name=\"twitter:label1\" content=\"Est. reading time\" \/>\n\t<meta name=\"twitter:data1\" content=\"1 minute\" \/>\n<script type=\"application\/ld+json\" class=\"yoast-schema-graph\">{\"@context\":\"https:\/\/schema.org\",\"@graph\":[{\"@type\":\"WebPage\",\"@id\":\"https:\/\/www.academy.lcmdigital.com\/videos-lcm-digital-2-0-produktupdate-neue-funktionen\/\",\"url\":\"https:\/\/www.academy.lcmdigital.com\/videos-lcm-digital-2-0-produktupdate-neue-funktionen\/\",\"name\":\"Webinar On-Demand: Taktplanung und Konfliktl\u00f6sung - Video - LCM Digital | Academy\",\"isPartOf\":{\"@id\":\"https:\/\/www.academy.lcmdigital.com\/#website\"},\"datePublished\":\"2021-12-01T13:23:50+00:00\",\"dateModified\":\"2022-08-26T12:30:32+00:00\",\"breadcrumb\":{\"@id\":\"https:\/\/www.academy.lcmdigital.com\/videos-lcm-digital-2-0-produktupdate-neue-funktionen\/#breadcrumb\"},\"inLanguage\":\"en-US\",\"potentialAction\":[{\"@type\":\"ReadAction\",\"target\":[\"https:\/\/www.academy.lcmdigital.com\/videos-lcm-digital-2-0-produktupdate-neue-funktionen\/\"]}]},{\"@type\":\"BreadcrumbList\",\"@id\":\"https:\/\/www.academy.lcmdigital.com\/videos-lcm-digital-2-0-produktupdate-neue-funktionen\/#breadcrumb\",\"itemListElement\":[{\"@type\":\"ListItem\",\"position\":1,\"name\":\"Startseite\",\"item\":\"https:\/\/www.academy.lcmdigital.com\/\"},{\"@type\":\"ListItem\",\"position\":2,\"name\":\"Webinar On-Demand: Taktplanung und Konfliktl\u00f6sung &#8211; Video\"}]},{\"@type\":\"WebSite\",\"@id\":\"https:\/\/www.academy.lcmdigital.com\/#website\",\"url\":\"https:\/\/www.academy.lcmdigital.com\/\",\"name\":\"LCM Digital | Academy\",\"description\":\"\",\"publisher\":{\"@id\":\"https:\/\/www.academy.lcmdigital.com\/#organization\"},\"potentialAction\":[{\"@type\":\"SearchAction\",\"target\":{\"@type\":\"EntryPoint\",\"urlTemplate\":\"https:\/\/www.academy.lcmdigital.com\/?s={search_term_string}\"},\"query-input\":\"required name=search_term_string\"}],\"inLanguage\":\"en-US\"},{\"@type\":\"Organization\",\"@id\":\"https:\/\/www.academy.lcmdigital.com\/#organization\",\"name\":\"LCM Digital | Academy\",\"url\":\"https:\/\/www.academy.lcmdigital.com\/\",\"logo\":{\"@type\":\"ImageObject\",\"inLanguage\":\"en-US\",\"@id\":\"https:\/\/www.academy.lcmdigital.com\/#\/schema\/logo\/image\/\",\"url\":\"https:\/\/www.academy.lcmdigital.com\/wp-content\/uploads\/2021\/04\/cropped-cropped-Logo_LCMDigitalAcademy.png\",\"contentUrl\":\"https:\/\/www.academy.lcmdigital.com\/wp-content\/uploads\/2021\/04\/cropped-cropped-Logo_LCMDigitalAcademy.png\",\"width\":1200,\"height\":270,\"caption\":\"LCM Digital | Academy\"},\"image\":{\"@id\":\"https:\/\/www.academy.lcmdigital.com\/#\/schema\/logo\/image\/\"}}]}<\/script>\n<!-- \/ Yoast SEO plugin. -->","yoast_head_json":{"title":"Webinar On-Demand: Taktplanung und Konfliktl\u00f6sung - Video - LCM Digital | Academy","robots":{"index":"index","follow":"follow","max-snippet":"max-snippet:-1","max-image-preview":"max-image-preview:large","max-video-preview":"max-video-preview:-1"},"canonical":"https:\/\/www.academy.lcmdigital.com\/en\/videos-lcm-digital-2-0-produktupdate-neue-funktionen\/","og_locale":"en_US","og_type":"article","og_title":"Webinar On-Demand: Taktplanung und Konfliktl\u00f6sung - Video - LCM Digital | Academy","og_description":"Webinar &nbsp;On-Demand Produktdemo: Taktplanung und die Konfliktl\u00f6sung Unser Release umfasst zwei komplett neue Features sowie weitere Optimierungen. Die Taktplanung garantiert optimal aufeinander abgestimmte Prozesse. Bei der Konfliktaufl\u00f6sung k\u00f6nnen Konflikte zwischen anh\u00e4ngigen Prozessen ganz einfach manuell oder automatisch aufgel\u00f6st werden. LCM Digital GmbH Obere Waldpl\u00e4tze 22 70569 Stuttgart +49 (0)711 &#8211; 1317 2288 info@lcmdigital.com Home Support [&hellip;]","og_url":"https:\/\/www.academy.lcmdigital.com\/en\/videos-lcm-digital-2-0-produktupdate-neue-funktionen\/","og_site_name":"LCM Digital | Academy","article_modified_time":"2022-08-26T12:30:32+00:00","og_image":[{"url":"https:\/\/www.academy.lcmdigital.com\/wp-content\/uploads\/2021\/04\/LCM_Digital_RGB_negativ-1024x326.png"}],"twitter_card":"summary_large_image","twitter_misc":{"Est. reading time":"1 minute"},"schema":{"@context":"https:\/\/schema.org","@graph":[{"@type":"WebPage","@id":"https:\/\/www.academy.lcmdigital.com\/videos-lcm-digital-2-0-produktupdate-neue-funktionen\/","url":"https:\/\/www.academy.lcmdigital.com\/videos-lcm-digital-2-0-produktupdate-neue-funktionen\/","name":"Webinar On-Demand: Taktplanung und Konfliktl\u00f6sung - Video - LCM Digital | Academy","isPartOf":{"@id":"https:\/\/www.academy.lcmdigital.com\/#website"},"datePublished":"2021-12-01T13:23:50+00:00","dateModified":"2022-08-26T12:30:32+00:00","breadcrumb":{"@id":"https:\/\/www.academy.lcmdigital.com\/videos-lcm-digital-2-0-produktupdate-neue-funktionen\/#breadcrumb"},"inLanguage":"en-US","potentialAction":[{"@type":"ReadAction","target":["https:\/\/www.academy.lcmdigital.com\/videos-lcm-digital-2-0-produktupdate-neue-funktionen\/"]}]},{"@type":"BreadcrumbList","@id":"https:\/\/www.academy.lcmdigital.com\/videos-lcm-digital-2-0-produktupdate-neue-funktionen\/#breadcrumb","itemListElement":[{"@type":"ListItem","position":1,"name":"Startseite","item":"https:\/\/www.academy.lcmdigital.com\/"},{"@type":"ListItem","position":2,"name":"Webinar On-Demand: Taktplanung und Konfliktl\u00f6sung &#8211; Video"}]},{"@type":"WebSite","@id":"https:\/\/www.academy.lcmdigital.com\/#website","url":"https:\/\/www.academy.lcmdigital.com\/","name":"LCM Digital | Academy","description":"","publisher":{"@id":"https:\/\/www.academy.lcmdigital.com\/#organization"},"potentialAction":[{"@type":"SearchAction","target":{"@type":"EntryPoint","urlTemplate":"https:\/\/www.academy.lcmdigital.com\/?s={search_term_string}"},"query-input":"required name=search_term_string"}],"inLanguage":"en-US"},{"@type":"Organization","@id":"https:\/\/www.academy.lcmdigital.com\/#organization","name":"LCM Digital | Academy","url":"https:\/\/www.academy.lcmdigital.com\/","logo":{"@type":"ImageObject","inLanguage":"en-US","@id":"https:\/\/www.academy.lcmdigital.com\/#\/schema\/logo\/image\/","url":"https:\/\/www.academy.lcmdigital.com\/wp-content\/uploads\/2021\/04\/cropped-cropped-Logo_LCMDigitalAcademy.png","contentUrl":"https:\/\/www.academy.lcmdigital.com\/wp-content\/uploads\/2021\/04\/cropped-cropped-Logo_LCMDigitalAcademy.png","width":1200,"height":270,"caption":"LCM Digital | Academy"},"image":{"@id":"https:\/\/www.academy.lcmdigital.com\/#\/schema\/logo\/image\/"}}]}},"_links":{"self":[{"href":"https:\/\/www.academy.lcmdigital.com\/en\/wp-json\/wp\/v2\/pages\/4531","targetHints":{"allow":["GET"]}}],"collection":[{"href":"https:\/\/www.academy.lcmdigital.com\/en\/wp-json\/wp\/v2\/pages"}],"about":[{"href":"https:\/\/www.academy.lcmdigital.com\/en\/wp-json\/wp\/v2\/types\/page"}],"author":[{"embeddable":true,"href":"https:\/\/www.academy.lcmdigital.com\/en\/wp-json\/wp\/v2\/users\/1"}],"replies":[{"embeddable":true,"href":"https:\/\/www.academy.lcmdigital.com\/en\/wp-json\/wp\/v2\/comments?post=4531"}],"version-history":[{"count":17,"href":"https:\/\/www.academy.lcmdigital.com\/en\/wp-json\/wp\/v2\/pages\/4531\/revisions"}],"predecessor-version":[{"id":6199,"href":"https:\/\/www.academy.lcmdigital.com\/en\/wp-json\/wp\/v2\/pages\/4531\/revisions\/6199"}],"wp:attachment":[{"href":"https:\/\/www.academy.lcmdigital.com\/en\/wp-json\/wp\/v2\/media?parent=4531"}],"curies":[{"name":"wp","href":"https:\/\/api.w.org\/{rel}","templated":true}]}}